{"id":35,"date":"2018-07-09T08:21:08","date_gmt":"2018-07-09T08:21:08","guid":{"rendered":"http:\/\/langenstrasse.de\/?page_id=35"},"modified":"2025-05-30T20:43:56","modified_gmt":"2025-05-30T20:43:56","slug":"die-geschichte","status":"publish","type":"page","link":"https:\/\/langenstrasse.de\/","title":{"rendered":"Die Geschichte"},"content":{"rendered":"<h4><span style=\"color: #ff0000;\"><a style=\"color: #ff0000;\" href=\"http:\/\/langenstrasse.de\/?page_id=270\">Achtung: Hier ein aktuelle eine Info in eigener Sache zur Verhinderung von Photovoltaik in unserer Kolonie<\/a><\/span><\/h4>\n<p><span style=\"color: #ff0000;\"><strong><a style=\"color: #ff0000;\" href=\"http:\/\/langenstrasse.de\/?page_id=270\">Das Gericht hat entschieden, ich darf die PV Anlage montieren Update vom 22.04.2025<\/a><\/strong><\/span><\/p>\n<h2>Die schwarze Kolonie in Troisdorf\u00a0Friedrich-Wilhelms-H\u00fctte<\/h2>\n<p>Im Ortsteil Friedrich-Wilhelms-H\u00fctte leben derzeit etwa 7.750 Menschen. Die \u201eschwarze Kolonie\u201c bildete den Kern der d\u00f6rflichen Entwicklung und befindet sich baulich noch weitestgehend in einem urspr\u00fcnglichen Zustand. Auch der alte Baumbestand bestehend aus Platanen und Kastanien pr\u00e4gt das Siedlungsbild.<\/p>\n<p>Die Bebauung besteht teilweise aus Doppelh\u00e4usern und teilweise aus Mehrfamilienh\u00e4usern. Freistehende Einfamilienh\u00e4user sind nur vereinzelt gebaut worden. Die Grundst\u00fccke sind \u00fcberwiegend sehr klein, um die vorhandene Fl\u00e4che gut auszunutzen. Jedes der H\u00e4user hatte in seitlich angebauten Erkern einen Stall zum Halten von Schweinen oder anderem \u201eKleinvieh\u201c um den Menschen die M\u00f6glichkeit der Eigenversorgung zu geben.<\/p>\n<p>Wer die Geschichte dieses Ortsteiles und des urspr\u00fcnglichen Zentrums der \u201eH\u00fctte\u201c erz\u00e4hlt, muss auch die Geschichte des anliegenden Stahlwerkes erz\u00e4hlen.<\/p>\n<p>Ende 1825 wurde Johann Wilhelm Windgassen die Genehmigung zum Bau einer Eisenh\u00fctte an der Sieg erteilt. So kam der Ortsteil zu seinem Namen \u201eH\u00fctte\u201c. Gebaut wurde die Eisenh\u00fctte, wie sie bereits in Siegen betrieben wurde. Die Erzvorkommen im Pleistal und im Altenforst waren ebenso Voraussetzung f\u00fcr den Betrieb wie die reichhaltigen Holzvorkommen im direkten Umfeld. Die eigentliche Produktion begann um 1830. Im selben Jahr begann der Bau von Arbeiter- und Angestelltenwohnungen direkt am Werk im Bereich der Kasinostrasse.<\/p>\n<p>Wegen finanzieller Probleme musste Windgassen das Werk in 1843 an Johan Jacob Langen verkaufen. Dieser war seiner Zeit Mitbegr\u00fcnder der Zuckerwerke Pfeiffer und Langen. Sein Sohn Emil modernisierte das Werk und baute es auf den Betrieb mit Koks um und erhielt erweiterte Bergbaurechte zur Erzf\u00f6rderung. Er lie\u00df auch um 1850 die Fabrikantenvilla \u201eder Turm\u201c im heutigen Stadtteil Troisdorf-West erbauen.<\/p>\n<p>Anhaltende Absatzschwierigkeiten f\u00fchrten ab 1875 zu Teilstilllegungen des Werks. Nach gro\u00dfen Hochwassersch\u00e4den 1890, 1902 und besonders 1909 war die Stilllegung unausweichlich. 1911 trat als \u201eRetter in der Not\u201c der Walzenfachmann und Ingenieur Louis Mannstaedt auf den Plan. Er verlegte sein Walzwerk von K\u00f6ln-Kalk in das Troisdorfer Werk um nach dem Umbau mit einer gr\u00f6\u00dferen Zahl von Arbeitern die Produktion aufzunehmen und das Werk vor dem Konkurs zu bewahren. Die bisherigen Mitarbeiter wurden aus K\u00f6ln mit nach Troisdorf genommen. Um ausreichend Wohnraum zu schaffen, plante man vier Wohnsiedlungen sowie mehrerer sozialer Einrichtungen. So zeichnete sich allm\u00e4hlich der Aufschwung ab. In Friedrich-Wilhelms-H\u00fctte bildete nun die Schwarze Kolonie den Kern der d\u00f6rflichen Weiterentwicklung und wurde auch \u201eMenden-Nord\u201c genannt. Das Bauvorhaben begann 1912 und war 1914 abgeschlossen. Lediglich die Mehrfamilienh\u00e4user in der Langenstrasse und die H\u00e4user in der Gersbeckstrasse (ehemals Uferstrasse) wurden sp\u00e4ter erstellt. \u00a0Es kamen eine Schule, eine Kinderverwahranstalt (heute w\u00fcrde man dazu Kindergarten sagen) und zwei Kleinkaufh\u00e4user hinzu. 1920 wurde eine Kapelle als Notkirche gebaut.<\/p>\n<p>Der Name &#8222;schwarze Kolonie&#8220; bezieht sich auf die Farbe der D\u00e4cher. Es wurde zeitnah auch ein &#8222;rote Kolonie&#8220; in Troisdorf-West gebaut!<\/p>\n<p>Seit 1919 gab es in Friedrich-Wilhelms-H\u00fctte eine eigene politische Vertretung. In diesen Jahren wurden mehrere Vereine gegr\u00fcndet, die das gesellschaftliche Leben im Dorf verbesserten. 1923 \u00fcbernahm Peter Kl\u00f6ckner die Mannstaedt-Werke. Die Firma erhielt den Namen Kl\u00f6ckner-Mannstaedt-Werke AG. Ab 1.9.1990 geh\u00f6rte das Mannstaedt- Werk zu British-Steel und seit 1.1.2000 firmiert das Werk unter dem Namen Mannstaedt-Corus GmbH. In 2006 ist das Werk wieder verkauft worden und firmiert nun wieder unter Mannstaedt-Werke GmbH &amp; Co. KG (Georgsmarienh\u00fctte Holding GmbH).<\/p>\n<h2>Wiederaufbau und Neuanfang nach dem 2. Weltkrieg<\/h2>\n<p>Bei den K\u00e4mpfen um Troisdorf 1945 wird das Werk als Festung betrachtet und dementsprechend bombardiert. In der Zeit vom 9.3.\u2013 12.4.1945 werden fast alle Werksanlagen besch\u00e4digt. 1948 sind Teile des wieder aufgebauten Werkes der Demontage zum Opfer gefallen. Sofort nach Einzug der Amerikaner werden die Kriegssch\u00e4den beseitigt und Neubauwohnungen gebaut. 1959 erh\u00e4lt Friedrich-Wilhelms-H\u00fctte eine neue Kirche, 1961 eine neue Schule. Am 1.8.1969 scheidet Friedrich-Wilhelms-H\u00fctte aus dem Gemeinde- und Amtsverband Menden aus und kommt zur neuen Stadt Troisdorf. Nun wird f\u00fcr die Ortschaft eine behutsame st\u00e4dtebauliche Entwicklung geplant, in Anbetracht der Errichtung von Hochh\u00e4usern in der Mendener Strasse der Blumensiedlung hat das nur bedingt funktioniert. \u00a0Es wurde tats\u00e4chlich der Abriss der Kolonie diskutiert, um die Hochhaussiedlung zu erweitern. Gl\u00fccklicherweise wurde das von der Politik verhindert!<br \/>\n1974 entstehen der zweite Kindergarten und ein Sportjugendheim mit Altentagesst\u00e4tte, 1976 das evangelische Gemeindezentrum und 1989 eine Mehrzweckhalle.<\/p>\n<p>Quelle: <a href=\"http:\/\/www.troisdorf.de\/\" target=\"_blank\" rel=\"noopener\">Stadt Troisdorf<\/a> und <a href=\"http:\/\/www.general-anzeiger-bonn.de\/\" target=\"_blank\" rel=\"noopener\">Generalanzeiger<\/a><\/p>\n","protected":false},"excerpt":{"rendered":"<p>Achtung: Hier ein aktuelle eine Info in eigener Sache zur Verhinderung von Photovoltaik in unserer Kolonie Das Gericht hat entschieden, ich darf die PV Anlage montieren Update vom 22.04.2025 Die schwarze Kolonie in Troisdorf\u00a0Friedrich-Wilhelms-H\u00fctte Im Ortsteil Friedrich-Wilhelms-H\u00fctte leben derzeit etwa 7.750 Menschen. Die \u201eschwarze Kolonie\u201c bildete den Kern der d\u00f6rflichen Entwicklung und befindet sich baulich &hellip; <\/p>\n<p class=\"link-more\"><a href=\"https:\/\/langenstrasse.de\/\" class=\"more-link\"><span class=\"screen-reader-text\">\u201eDie Geschichte\u201c <\/span>weiterlesen<\/a><\/p>\n","protected":false},"author":1,"featured_media":0,"parent":0,"menu_order":0,"comment_status":"closed","ping_status":"closed","template":"","meta":{"footnotes":""},"class_list":["post-35","page","type-page","status-publish","hentry"],"_links":{"self":[{"href":"https:\/\/langenstrasse.de\/index.php?rest_route=\/wp\/v2\/pages\/35","targetHints":{"allow":["GET"]}}],"collection":[{"href":"https:\/\/langenstrasse.de\/index.php?rest_route=\/wp\/v2\/pages"}],"about":[{"href":"https:\/\/langenstrasse.de\/index.php?rest_route=\/wp\/v2\/types\/page"}],"author":[{"embeddable":true,"href":"https:\/\/langenstrasse.de\/index.php?rest_route=\/wp\/v2\/users\/1"}],"replies":[{"embeddable":true,"href":"https:\/\/langenstrasse.de\/index.php?rest_route=%2Fwp%2Fv2%2Fcomments&post=35"}],"version-history":[{"count":18,"href":"https:\/\/langenstrasse.de\/index.php?rest_route=\/wp\/v2\/pages\/35\/revisions"}],"predecessor-version":[{"id":326,"href":"https:\/\/langenstrasse.de\/index.php?rest_route=\/wp\/v2\/pages\/35\/revisions\/326"}],"wp:attachment":[{"href":"https:\/\/langenstrasse.de\/index.php?rest_route=%2Fwp%2Fv2%2Fmedia&parent=35"}],"curies":[{"name":"wp","href":"https:\/\/api.w.org\/{rel}","templated":true}]}}