{"id":94,"date":"2018-07-09T08:59:29","date_gmt":"2018-07-09T08:59:29","guid":{"rendered":"http:\/\/langenstrasse.de\/?page_id=94"},"modified":"2021-08-25T09:54:01","modified_gmt":"2021-08-25T09:54:01","slug":"technisches","status":"publish","type":"page","link":"http:\/\/langenstrasse.de\/?page_id=94","title":{"rendered":"Datenschutz und Impressum"},"content":{"rendered":"<p>Alles zum Thema Datenschutz findet ihr hier.<br \/>\nDiese Seite ist ohne kommerziellen Hintergrund erstellt.<br \/>\nIch ver\u00f6ffentliche keine Werbung und nehme die Privatsph\u00e4re sehr ernst!<br \/>\nL\u00f6schungs-Anfragen werden umgehend bearbeitet.<\/p>\n<p><a href=\"http:\/\/langenstrasse.de\/?page_id=51\">Impressum<\/a><\/p>\n<p><a href=\"http:\/\/langenstrasse.de\/?page_id=46\">Datenschutz<\/a><\/p>\n","protected":false},"excerpt":{"rendered":"<p>Alles zum Thema Datenschutz findet ihr hier. Diese Seite ist ohne kommerziellen Hintergrund erstellt. Ich ver\u00f6ffentliche keine Werbung und nehme die Privatsph\u00e4re sehr ernst! L\u00f6schungs-Anfragen werden umgehend bearbeitet. Impressum Datenschutz<\/p>\n","protected":false},"author":1,"featured_media":0,"parent":0,"menu_order":0,"comment_status":"closed","ping_status":"closed","template":"","meta":{"footnotes":""},"class_list":["post-94","page","type-page","status-publish","hentry"],"_links":{"self":[{"href":"http:\/\/langenstrasse.de\/index.php?rest_route=\/wp\/v2\/pages\/94","targetHints":{"allow":["GET"]}}],"collection":[{"href":"http:\/\/langenstrasse.de\/index.php?rest_route=\/wp\/v2\/pages"}],"about":[{"href":"http:\/\/langenstrasse.de\/index.php?rest_route=\/wp\/v2\/types\/page"}],"author":[{"embeddable":true,"href":"http:\/\/langenstrasse.de\/index.php?rest_route=\/wp\/v2\/users\/1"}],"replies":[{"embeddable":true,"href":"http:\/\/langenstrasse.de\/index.php?rest_route=%2Fwp%2Fv2%2Fcomments&post=94"}],"version-history":[{"count":7,"href":"http:\/\/langenstrasse.de\/index.php?rest_route=\/wp\/v2\/pages\/94\/revisions"}],"predecessor-version":[{"id":204,"href":"http:\/\/langenstrasse.de\/index.php?rest_route=\/wp\/v2\/pages\/94\/revisions\/204"}],"wp:attachment":[{"href":"http:\/\/langenstrasse.de\/index.php?rest_route=%2Fwp%2Fv2%2Fmedia&parent=94"}],"curies":[{"name":"wp","href":"https:\/\/api.w.org\/{rel}","templated":true}]}}